
{"id":9203,"date":"2026-02-13T21:57:37","date_gmt":"2026-02-13T21:57:37","guid":{"rendered":"https:\/\/praguefortwo.com\/?page_id=9203"},"modified":"2026-02-13T22:10:43","modified_gmt":"2026-02-13T22:10:43","slug":"romantisches-abendessen-in-prag","status":"publish","type":"page","link":"https:\/\/praguefortwo.com\/de\/romantic-dinner-in-prague\/","title":{"rendered":"Romantisches Abendessen in Prag"},"content":{"rendered":"<p><div class=\"fusion-fullwidth fullwidth-box fusion-builder-row-1 fusion-flex-container has-pattern-background has-mask-background nonhundred-percent-fullwidth non-hundred-percent-height-scrolling\" style=\"--awb-background-position:center bottom;--awb-border-radius-top-left:0px;--awb-border-radius-top-right:0px;--awb-border-radius-bottom-right:0px;--awb-border-radius-bottom-left:0px;--awb-padding-top:90px;--awb-padding-bottom:0px;--awb-background-image:linear-gradient(180deg, var(--awb-color1) 0%,rgba(255,255,255,0) 39%);--awb-flex-wrap:wrap;\" ><div class=\"fusion-builder-row fusion-row fusion-flex-align-items-flex-start fusion-flex-justify-content-center fusion-flex-content-wrap\" style=\"max-width:1248px;margin-left: calc(-4% \/ 2 );margin-right: calc(-4% \/ 2 );\"><div class=\"fusion-layout-column fusion_builder_column fusion-builder-column-0 fusion_builder_column_3_4 3_4 fusion-flex-column fusion-animated\" style=\"--awb-bg-size:cover;--awb-width-large:75%;--awb-margin-top-large:0px;--awb-spacing-right-large:2.56%;--awb-margin-bottom-large:20px;--awb-spacing-left-large:2.56%;--awb-width-medium:75%;--awb-order-medium:0;--awb-spacing-right-medium:2.56%;--awb-spacing-left-medium:2.56%;--awb-width-small:100%;--awb-order-small:0;--awb-spacing-right-small:1.92%;--awb-spacing-left-small:1.92%;\" data-animationtype=\"fadeInDown\" data-animationduration=\"1.0\" data-animationoffset=\"top-into-view\"><div class=\"fusion-column-wrapper fusion-column-has-shadow fusion-flex-justify-content-flex-start fusion-content-layout-column\"><div class=\"fusion-text fusion-text-1\" style=\"--awb-content-alignment:center;\"><p>Ein romantisches Abendessen in Prag ist bei weitem das unvergesslichste Erlebnis in einer der sch\u00f6nsten St\u00e4dte der Welt. Tausende von Paaren kommen jedes Jahr nach Prag, nicht nur wegen der Geschichte, sondern auch wegen der Romantik. Prag wurde zur \u2018romantischsten Hauptstadt Europas\u2019 ernannt. Viele Reiseb\u00fcros in der ganzen Welt bieten Paaren attraktive \u2018Romantisches Prag\u2019-Pakete an. Die Inanspruchnahme eines solchen Pakets kann ziemlich kostspielig sein: teure \u2018romantische Hotels\u2019, \u2018romantische Abendessen\u2019 in ausgefallenen Restaurants und \u2018romantische Touren\u2019 durch verschiedene Schl\u00f6sser in der Tschechischen Republik... Und am Ende ist man der ganzen \u2018Romantik\u2019 ziemlich \u00fcberdr\u00fcssig.<\/p>\n<p>Mit \u2018Prag f\u00fcr Zwei\u2019 brauchen Sie kein teures \u2018romantisches Prag\u2019-Paket. Ich werde Sie nicht auf eine \u2018romantische Tour\u2019 mitnehmen. Ich werde Ihnen kein Essen in einem schicken Restaurant anbieten. Aber ich kann und werde Ihnen helfen, ein wundersch\u00f6nes romantisches Abendessen in Prag f\u00fcr Ihre \u2018besondere Person\u2019 zu organisieren.<\/p>\n<\/div><div class=\"fusion-text fusion-text-2\" style=\"--awb-content-alignment:center;--awb-font-size:var(--awb-typography2-font-size);--awb-line-height:var(--awb-typography2-line-height);--awb-letter-spacing:var(--awb-typography2-letter-spacing);--awb-text-transform:var(--awb-typography2-text-transform);--awb-text-color:var(--awb-color7);--awb-text-font-family:var(--awb-typography2-font-family);--awb-text-font-weight:var(--awb-typography2-font-weight);--awb-text-font-style:var(--awb-typography2-font-style);\"><p>Wie funktioniert das?<\/p>\n<\/div><div class=\"fusion-text fusion-text-3\" style=\"--awb-content-alignment:center;\"><p>Zun\u00e4chst einmal besprechen wir die Ideen. Hier k\u00f6nnen Sie kreativ werden oder aus meinen vorgefertigten Szenarien w\u00e4hlen. Dann w\u00e4hlen wir den Zeitpunkt und den Ort Ihrer Veranstaltung aus. Wir vereinbaren, was Sie auf dem Tisch haben m\u00f6chten und wie ich ihn dekorieren soll. Sie k\u00f6nnen auch zus\u00e4tzliche W\u00fcnsche \u00e4u\u00dfern, z. B. einen Blumenstrau\u00df mit ihren Lieblingsblumen oder ein besonderes Geschenk f\u00fcr Ihre Geliebte, das vor Ihrer Ankunft gekauft, verpackt und zum Veranstaltungsort gebracht wird.<\/p>\n<p>Nachdem alles abgesprochen ist, bezahlen Sie Ihre Bestellung \u00fcber Revolut (\u00dcberweisung oder Kreditkarte m\u00f6glich). Jetzt besteht Ihre einzige Aufgabe darin, die \u00dcberraschung nicht zu verderben. Am Tag des Events f\u00fchrst du deinen Liebsten l\u00e4ssig zur Location, und alles steht schon bereit. So einfach ist das.<\/p>\n<\/div><\/div><\/div><div class=\"fusion-layout-column fusion_builder_column fusion-builder-column-1 fusion_builder_column_5_6 5_6 fusion-flex-column fusion-animated\" style=\"--awb-overflow:hidden;--awb-bg-size:cover;--awb-border-radius:12px 12px 12px 12px;--awb-width-large:83.333333333333%;--awb-margin-top-large:15px;--awb-spacing-right-large:2.304%;--awb-margin-bottom-large:60px;--awb-spacing-left-large:2.304%;--awb-width-medium:83.333333333333%;--awb-order-medium:0;--awb-spacing-right-medium:2.304%;--awb-spacing-left-medium:2.304%;--awb-width-small:100%;--awb-order-small:0;--awb-spacing-right-small:1.92%;--awb-spacing-left-small:1.92%;\" data-animationtype=\"fadeInUp\" data-animationduration=\"1.0\" data-animationoffset=\"top-into-view\" data-scroll-devices=\"small-visibility,medium-visibility,large-visibility\"><div class=\"fusion-column-wrapper fusion-column-has-shadow fusion-flex-justify-content-flex-start fusion-content-layout-column\"><div class=\"fusion-video fusion-youtube\" style=\"--awb-max-width:800px;--awb-max-height:550px;--awb-align-self:center;--awb-width:100%;\"><div class=\"video-shortcode\"><div class=\"fluid-width-video-wrapper\" style=\"padding-top:68.75%;\" ><iframe title=\"YouTube-Videoplayer 1\" src=\"https:\/\/www.youtube.com\/embed\/QUcgiDF2Uhg?wmode=transparent&autoplay=0\" width=\"800\" height=\"550\" allowfullscreen allow=\"autoplay; clipboard-write; encrypted-media; gyroscope; picture-in-picture;\"><\/iframe><\/div><\/div><\/div><\/div><\/div><\/div><\/div><div class=\"fusion-fullwidth fullwidth-box fusion-builder-row-2 fusion-flex-container has-pattern-background has-mask-background fusion-parallax-none nonhundred-percent-fullwidth non-hundred-percent-height-scrolling\" style=\"--awb-background-position:center top;--awb-border-sizes-top:5px;--awb-border-sizes-bottom:0px;--awb-border-sizes-left:0px;--awb-border-sizes-right:0px;--awb-border-color:var(--awb-color1);--awb-border-radius-top-left:0px;--awb-border-radius-top-right:0px;--awb-border-radius-bottom-right:0px;--awb-border-radius-bottom-left:0px;--awb-padding-top:90px;--awb-padding-bottom:90px;--awb-background-image:url(&quot;https:\/\/praguefortwo.com\/wp-content\/uploads\/2026\/01\/IMG_2673.png&quot;);--awb-background-size:cover;--awb-flex-wrap:wrap;\" ><div class=\"fusion-builder-row fusion-row fusion-flex-align-items-flex-start fusion-flex-justify-content-center fusion-flex-content-wrap\" style=\"max-width:1248px;margin-left: calc(-4% \/ 2 );margin-right: calc(-4% \/ 2 );\"><div class=\"fusion-layout-column fusion_builder_column fusion-builder-column-2 fusion_builder_column_3_4 3_4 fusion-flex-column fusion-animated\" style=\"--awb-bg-size:cover;--awb-width-large:75%;--awb-margin-top-large:0px;--awb-spacing-right-large:2.56%;--awb-margin-bottom-large:48px;--awb-spacing-left-large:2.56%;--awb-width-medium:75%;--awb-order-medium:0;--awb-spacing-right-medium:2.56%;--awb-spacing-left-medium:2.56%;--awb-width-small:100%;--awb-order-small:0;--awb-spacing-right-small:1.92%;--awb-spacing-left-small:1.92%;\" data-animationtype=\"fadeInUp\" data-animationduration=\"1.0\" data-animationoffset=\"top-into-view\"><div class=\"fusion-column-wrapper fusion-column-has-shadow fusion-flex-justify-content-flex-start fusion-content-layout-column\"><div class=\"fusion-title title fusion-title-1 fusion-sep-none fusion-title-center fusion-title-text fusion-title-size-two\" style=\"--awb-margin-top:0px;--awb-margin-bottom:30px;--awb-margin-top-small:0px;--awb-margin-bottom-small:10px;--awb-font-size:var(--awb-typography1-font-size);\"><h2 class=\"fusion-title-heading title-heading-center\" style=\"font-family:var(--awb-typography1-font-family);font-weight:var(--awb-typography1-font-weight);font-style:var(--awb-typography1-font-style);margin:0;letter-spacing:var(--awb-typography1-letter-spacing);text-transform:var(--awb-typography1-text-transform);font-size:1em;line-height:var(--awb-typography1-line-height);\">Veranstaltungs-Galerie<\/h2><\/div><div class=\"fusion-text fusion-text-4\" style=\"--awb-content-alignment:center;--awb-font-size:var(--awb-typography2-font-size);--awb-line-height:var(--awb-typography2-line-height);--awb-letter-spacing:var(--awb-typography2-letter-spacing);--awb-text-transform:var(--awb-typography2-text-transform);--awb-text-color:var(--awb-color7);--awb-text-font-family:var(--awb-typography2-font-family);--awb-text-font-weight:var(--awb-typography2-font-weight);--awb-text-font-style:var(--awb-typography2-font-style);\"><p>Instagram-Feed<\/p>\n<\/div><\/div><\/div><div class=\"fusion-layout-column fusion_builder_column fusion-builder-column-3 fusion_builder_column_1_1 1_1 fusion-flex-column\" style=\"--awb-bg-size:cover;--awb-width-large:100%;--awb-margin-top-large:0px;--awb-spacing-right-large:1.92%;--awb-margin-bottom-large:20px;--awb-spacing-left-large:1.92%;--awb-width-medium:100%;--awb-order-medium:0;--awb-spacing-right-medium:1.92%;--awb-spacing-left-medium:1.92%;--awb-width-small:100%;--awb-order-small:0;--awb-spacing-right-small:1.92%;--awb-spacing-left-small:1.92%;\"><div class=\"fusion-column-wrapper fusion-column-has-shadow fusion-flex-justify-content-flex-start fusion-content-layout-column\"><div class=\"fusion-text fusion-text-5\"><div id=\"trustindex-feed-container-instagram-c2a61216156379177686c9154ba\"><\/div>\n<\/div><\/div><\/div><\/div><\/div>\n<\/p>","protected":false},"excerpt":{"rendered":"","protected":false},"author":1,"featured_media":0,"parent":0,"menu_order":0,"comment_status":"closed","ping_status":"closed","template":"100-width.php","meta":{"footnotes":""},"class_list":["post-9203","page","type-page","status-publish","hentry"],"_links":{"self":[{"href":"https:\/\/praguefortwo.com\/de\/wp-json\/wp\/v2\/pages\/9203","targetHints":{"allow":["GET"]}}],"collection":[{"href":"https:\/\/praguefortwo.com\/de\/wp-json\/wp\/v2\/pages"}],"about":[{"href":"https:\/\/praguefortwo.com\/de\/wp-json\/wp\/v2\/types\/page"}],"author":[{"embeddable":true,"href":"https:\/\/praguefortwo.com\/de\/wp-json\/wp\/v2\/users\/1"}],"replies":[{"embeddable":true,"href":"https:\/\/praguefortwo.com\/de\/wp-json\/wp\/v2\/comments?post=9203"}],"version-history":[{"count":5,"href":"https:\/\/praguefortwo.com\/de\/wp-json\/wp\/v2\/pages\/9203\/revisions"}],"predecessor-version":[{"id":9210,"href":"https:\/\/praguefortwo.com\/de\/wp-json\/wp\/v2\/pages\/9203\/revisions\/9210"}],"wp:attachment":[{"href":"https:\/\/praguefortwo.com\/de\/wp-json\/wp\/v2\/media?parent=9203"}],"curies":[{"name":"wp","href":"https:\/\/api.w.org\/{rel}","templated":true}]}}